{"id":9229,"date":"2025-11-06T14:20:33","date_gmt":"2025-11-06T14:20:33","guid":{"rendered":"https:\/\/narelektronik.com\/?post_type=product&#038;p=9229"},"modified":"2025-12-09T08:25:02","modified_gmt":"2025-12-09T08:25:02","slug":"baff-6207-ptz-kamera","status":"publish","type":"product","link":"https:\/\/narelektronik.com\/?product=baff-6207-ptz-kamera","title":{"rendered":"BAFF 6207 PTZ KAMERA"},"content":{"rendered":"<p><span style=\"font-size: 14px;\">Teknik \u00d6zellikleri :<\/span><\/p>\n<p><span style=\"font-size: 14px;\">Sens\u00f6r: 1\/2.9\u2033 CMOS Sens\u00f6r<\/span><br \/>\n<span style=\"font-size: 14px;\">\u00c7\u00f6z\u00fcn\u00fcrl\u00fck: 1920*1080<\/span><br \/>\n<span style=\"font-size: 14px;\">Objektif: Sabit: 3.6mm<\/span><br \/>\n<span style=\"font-size: 14px;\">IR-CUT: Destek<\/span><br \/>\n<span style=\"font-size: 14px;\">D\u00f6nd\u00fcrme: Yatay: 355 \u00b0 Dikey: 90\u00b0<\/span><br \/>\n<span style=\"font-size: 14px;\">Depolama: TF kart\u0131 (kart dahil de\u011fildir) ve Bulut depolama<\/span><br \/>\n<span style=\"font-size: 14px;\">\u0130nternet A\u011f protokol\u00fc: HTTP, UDP, SMTP, FTP, DHCP, DNS, NTP, UPnP<\/span><br \/>\n<span style=\"font-size: 14px;\">Kablolu: RJ45 10\/100MB Ethernet<\/span><br \/>\n<span style=\"font-size: 14px;\">Kablosuz: WIFI (IEEE 802.11b\/g\/n) 2.4GHz<\/span><br \/>\n<span style=\"font-size: 14px;\">Video s\u0131k\u0131\u015ft\u0131rma format\u0131: H.265<\/span><br \/>\n<span style=\"font-size: 14px;\">Dahili mikrofon: Destek<\/span><br \/>\n<span style=\"font-size: 14px;\">Harici hoparl\u00f6r: Destek<\/span><br \/>\n<span style=\"font-size: 14px;\">Alarm: Alarm \/ Hareket Alg\u0131lama<\/span><br \/>\n<span style=\"font-size: 14px;\">Su ge\u00e7irmez: IP66<\/span><\/p>\n","protected":false},"excerpt":{"rendered":"<p>Teknik \u00d6zellikleri : Sens\u00f6r: 1\/2.9\u2033 CMOS Sens\u00f6r \u00c7\u00f6z\u00fcn\u00fcrl\u00fck: 1920*1080 Objektif: Sabit: 3.6mm IR-CUT: Destek D\u00f6nd\u00fcrme: Yatay: 355 \u00b0 Dikey: 90\u00b0 Depolama: TF kart\u0131 (kart dahil de\u011fildir) ve Bulut depolama \u0130nternet A\u011f protokol\u00fc: HTTP, UDP, SMTP, FTP, DHCP, DNS, NTP, UPnP Kablolu: RJ45 10\/100MB Ethernet Kablosuz: WIFI (IEEE 802.11b\/g\/n) 2.4GHz Video s\u0131k\u0131\u015ft\u0131rma format\u0131: H.265 Dahili mikrofon: Destek Harici hoparl\u00f6r: Destek Alarm: Alarm \/ Hareket Alg\u0131lama Su ge\u00e7irmez: IP66<\/p>\n","protected":false},"featured_media":9230,"template":"","meta":[],"pwb-brand":[],"product_brand":[53],"product_cat":[126],"product_tag":[],"class_list":{"0":"post-9229","1":"product","2":"type-product","3":"status-publish","4":"has-post-thumbnail","6":"product_brand-baff-germany","7":"product_cat-smart-kamera","8":"cms-has-post-thumbnail","10":"first","11":"instock","12":"shipping-taxable","13":"product-type-simple"},"brands":[],"_links":{"self":[{"href":"https:\/\/narelektronik.com\/index.php?rest_route=\/wp\/v2\/product\/9229","targetHints":{"allow":["GET"]}}],"collection":[{"href":"https:\/\/narelektronik.com\/index.php?rest_route=\/wp\/v2\/product"}],"about":[{"href":"https:\/\/narelektronik.com\/index.php?rest_route=\/wp\/v2\/types\/product"}],"version-history":[{"count":1,"href":"https:\/\/narelektronik.com\/index.php?rest_route=\/wp\/v2\/product\/9229\/revisions"}],"predecessor-version":[{"id":10951,"href":"https:\/\/narelektronik.com\/index.php?rest_route=\/wp\/v2\/product\/9229\/revisions\/10951"}],"wp:featuredmedia":[{"embeddable":true,"href":"https:\/\/narelektronik.com\/index.php?rest_route=\/wp\/v2\/media\/9230"}],"wp:attachment":[{"href":"https:\/\/narelektronik.com\/index.php?rest_route=%2Fwp%2Fv2%2Fmedia&parent=9229"}],"wp:term":[{"taxonomy":"pwb-brand","embeddable":true,"href":"https:\/\/narelektronik.com\/index.php?rest_route=%2Fwp%2Fv2%2Fpwb-brand&post=9229"},{"taxonomy":"product_brand","embeddable":true,"href":"https:\/\/narelektronik.com\/index.php?rest_route=%2Fwp%2Fv2%2Fproduct_brand&post=9229"},{"taxonomy":"product_cat","embeddable":true,"href":"https:\/\/narelektronik.com\/index.php?rest_route=%2Fwp%2Fv2%2Fproduct_cat&post=9229"},{"taxonomy":"product_tag","embeddable":true,"href":"https:\/\/narelektronik.com\/index.php?rest_route=%2Fwp%2Fv2%2Fproduct_tag&post=9229"}],"curies":[{"name":"wp","href":"https:\/\/api.w.org\/{rel}","templated":true}]}}