{"id":9178,"date":"2025-11-06T13:39:16","date_gmt":"2025-11-06T13:39:16","guid":{"rendered":"https:\/\/narelektronik.com\/?post_type=product&#038;p=9178"},"modified":"2025-12-09T08:23:11","modified_gmt":"2025-12-09T08:23:11","slug":"baff-6208-ptz-beyaz-kamera","status":"publish","type":"product","link":"https:\/\/narelektronik.com\/?product=baff-6208-ptz-beyaz-kamera","title":{"rendered":"BAFF 6208 PTZ BEYAZ KAMERA"},"content":{"rendered":"<table border=\"0\" cellspacing=\"0\" cellpadding=\"0\">\n<tbody>\n<tr>\n<td><span style=\"font-size: 14px;\">\u00c7\u00f6z\u00fcn\u00fcrl\u00fck:<\/span><\/td>\n<td><span style=\"font-size: 14px;\">2.0MP \/ 1080P \/ 1920 X 1080<\/span><\/td>\n<\/tr>\n<tr>\n<td><span style=\"font-size: 14px;\"><span class=\"property-title\">Stil<\/span>:<\/span><\/td>\n<td><span class=\"property-desc line-limit-length\" style=\"font-size: 14px;\" title=\"Dome Kamera\">Smart Dome Kamera<\/span><\/td>\n<\/tr>\n<tr>\n<td><span style=\"font-size: 14px;\"><span class=\"property-title\">Ba\u011flant\u0131<\/span>:<\/span><\/td>\n<td><span class=\"property-desc line-limit-length\" style=\"font-size: 14px;\" title=\"Ip\/network kablosuz\">Ip\/network kablosuz<\/span><\/td>\n<\/tr>\n<tr>\n<td><span style=\"font-size: 14px;\"><span class=\"property-title\">Kurulum<\/span>:<\/span><\/td>\n<td><span class=\"property-desc line-limit-length\" style=\"font-size: 14px;\" title=\"Side\">Side<\/span><\/td>\n<\/tr>\n<tr>\n<td><span style=\"font-size: 14px;\">Lens:<\/span><\/td>\n<td><span style=\"font-size: 14px;\">3.6 MM<\/span><\/td>\n<\/tr>\n<tr>\n<td><span style=\"font-size: 14px;\"><span class=\"property-title\">Minimum ayd\u0131nlatma( l\u00fcks)<\/span>:<\/span><\/td>\n<td><span class=\"property-desc line-limit-length\" style=\"font-size: 14px;\" title=\"0.01Lux\">0.01Lux<\/span><\/td>\n<\/tr>\n<tr>\n<td><span style=\"font-size: 14px;\">Scene:<\/span><\/td>\n<td><span style=\"font-size: 14px;\">Kapal\u0131 ve a\u00e7\u0131k<\/span><\/td>\n<\/tr>\n<tr>\n<td><span style=\"font-size: 14px;\">Renk gece g\u00f6r\u00fc\u015f:<\/span><\/td>\n<td><span style=\"font-size: 14px;\">YES<\/span><\/td>\n<\/tr>\n<tr>\n<td><span style=\"font-size: 14px;\">Megapiksel:<\/span><\/td>\n<td><span style=\"font-size: 14px;\">2MP<\/span><\/td>\n<\/tr>\n<tr>\n<td><span style=\"font-size: 14px;\">Depolama:<\/span><\/td>\n<td><span style=\"font-size: 14px;\">128G<\/span><\/td>\n<\/tr>\n<tr>\n<td><span style=\"font-size: 14px;\">Video s\u0131k\u0131\u015ft\u0131rma format\u0131:<\/span><\/td>\n<td><span style=\"font-size: 14px;\">H. 265<\/span><\/td>\n<\/tr>\n<tr>\n<td><span style=\"font-size: 14px;\">IR Mesafesi (M):<\/span><\/td>\n<td><span style=\"font-size: 14px;\">30M-50M<\/span><\/td>\n<\/tr>\n<tr>\n<td><span style=\"font-size: 14px;\">Sertifika:<\/span><\/td>\n<td><span style=\"font-size: 14px;\">CE<\/span><\/td>\n<\/tr>\n<tr>\n<td><span style=\"font-size: 14px;\">Renk:<\/span><\/td>\n<td><span style=\"font-size: 14px;\">White<\/span><\/td>\n<\/tr>\n<tr>\n<td><span style=\"font-size: 14px;\">Alarm eylem<\/span><\/td>\n<td><span style=\"font-size: 14px;\">E-posta foto\u011fraf<\/span><\/td>\n<\/tr>\n<tr>\n<td><span style=\"font-size: 14px;\">Hareket aral\u0131\u011f\u0131 (Tilt):<\/span><\/td>\n<td><span style=\"font-size: 14px;\">Di\u011fer<\/span><\/td>\n<\/tr>\n<tr>\n<td><span style=\"font-size: 14px;\">is_customized:<\/span><\/td>\n<td><span style=\"font-size: 14px;\">Hay\u0131r<\/span><\/td>\n<\/tr>\n<tr>\n<td><span style=\"font-size: 14px;\">Model numaras\u0131:<\/span><\/td>\n<td><span style=\"font-size: 14px;\">PTZ Wireless Camera<\/span><\/td>\n<\/tr>\n<tr>\n<td><span style=\"font-size: 14px;\">Desteklenen mobil sistemler:<\/span><\/td>\n<td><span style=\"font-size: 14px;\">IOS,android<\/span><\/td>\n<\/tr>\n<tr>\n<td><span style=\"font-size: 14px;\">Ak\u0131ll\u0131 ev platformu:<\/span><\/td>\n<td><span style=\"font-size: 14px;\">Di\u011fer<\/span><\/td>\n<\/tr>\n<tr>\n<td><span style=\"font-size: 14px;\">AI fonksiyonlar\u0131:<\/span><\/td>\n<td><span style=\"font-size: 14px;\">\u0130nsan alg\u0131lama<\/span><\/td>\n<\/tr>\n<tr>\n<td><span style=\"font-size: 14px;\">IP de\u011ferlendirme:<\/span><\/td>\n<td><span style=\"font-size: 14px;\">IP66<\/span><\/td>\n<\/tr>\n<tr>\n<td><span style=\"font-size: 14px;\">\u00d6zellikler:<\/span><\/td>\n<td><span style=\"font-size: 14px;\">Su ge\u00e7irmez\/hava<\/span><\/td>\n<\/tr>\n<tr>\n<td><span style=\"font-size: 14px;\">Uygulama ad\u0131:<\/span><\/td>\n<td><span style=\"font-size: 14px;\">Di\u011fer<\/span><\/td>\n<\/tr>\n<tr>\n<td><span style=\"font-size: 14px;\">TF Kart:<\/span><\/td>\n<td><span style=\"font-size: 14px;\">128G TF Kart<\/span><\/td>\n<\/tr>\n<tr>\n<td><span style=\"font-size: 14px;\">Dijital Zoom:<\/span><\/td>\n<td><span style=\"font-size: 14px;\">Di\u011fer<\/span><\/td>\n<\/tr>\n<tr>\n<td><span style=\"font-size: 14px;\">G\u00fc\u00e7 kayna\u011f\u0131( v):<\/span><\/td>\n<td><span style=\"font-size: 14px;\">DC 12V 2A<\/span><\/td>\n<\/tr>\n<tr>\n<td><span style=\"font-size: 14px;\">Ses \u00e7\u0131k\u0131\u015f\u0131:<\/span><\/td>\n<td><span style=\"font-size: 14px;\">Hi\u00e7biri<\/span><\/td>\n<\/tr>\n<tr>\n<td><span style=\"font-size: 14px;\">G\u00fc\u00e7 t\u00fcketimi( w):<\/span><\/td>\n<td><span style=\"font-size: 14px;\">12W<\/span><\/td>\n<\/tr>\n<tr>\n<td><span style=\"font-size: 14px;\">Sensor:<\/span><\/td>\n<td><span style=\"font-size: 14px;\">CMOS<\/span><\/td>\n<\/tr>\n<tr>\n<td><span style=\"font-size: 14px;\">Sens\u00f6r\u00fc markas\u0131:<\/span><\/td>\n<td><span style=\"font-size: 14px;\">Sharp<\/span><\/td>\n<\/tr>\n<tr>\n<td><span style=\"font-size: 14px;\">\u00c7al\u0131\u015fma S\u0131cakl\u0131\u011f\u0131:<\/span><\/td>\n<td><span style=\"font-size: 14px;\">-10 \u00b0-60 \u00b0<\/span><\/td>\n<\/tr>\n<tr>\n<td><span style=\"font-size: 14px;\">Shell Malzeme:<\/span><\/td>\n<td><span style=\"font-size: 14px;\">Plastik<\/span><\/td>\n<\/tr>\n<tr>\n<td><span style=\"font-size: 14px;\">G\u00fc\u00e7 Kayna\u011f\u0131:<\/span><\/td>\n<td><span style=\"font-size: 14px;\">Normal<\/span><\/td>\n<\/tr>\n<tr>\n<td><span style=\"font-size: 14px;\">G\u00f6r\u00fc\u015f a\u00e7\u0131s\u0131:<\/span><\/td>\n<td><span style=\"font-size: 14px;\">\u00a0360 \u00b0<\/span><\/td>\n<\/tr>\n<tr>\n<td><span style=\"font-size: 14px;\">Optik Zoom:<\/span><\/td>\n<td><span style=\"font-size: 14px;\">NONE<\/span><\/td>\n<\/tr>\n<tr>\n<td><span style=\"font-size: 14px;\">Hareket aral\u0131\u011f\u0131 (Pan):<\/span><\/td>\n<td><span style=\"font-size: 14px;\">Di\u011fer<\/span><\/td>\n<\/tr>\n<tr>\n<td><span style=\"font-size: 14px;\">IR LED:<\/span><\/td>\n<td><span style=\"font-size: 14px;\">4PCS White Light+4PCS Array LED<\/span><\/td>\n<\/tr>\n<tr>\n<td><span style=\"font-size: 14px;\">Lens:<\/span><\/td>\n<td><span style=\"font-size: 14px;\">Fixed 3.6mm<\/span><\/td>\n<\/tr>\n<tr>\n<td><span style=\"font-size: 14px;\">Audio Support:<\/span><\/td>\n<td><span style=\"font-size: 14px;\">Two-Way Audio<\/span><\/td>\n<\/tr>\n<tr>\n<td><span style=\"font-size: 14px;\">Material:<\/span><\/td>\n<td><span style=\"font-size: 14px;\">High Quality ABS Plastic<\/span><\/td>\n<\/tr>\n<tr>\n<td><span style=\"font-size: 14px;\">Cloud Storage:<\/span><\/td>\n<td><span style=\"font-size: 14px;\">Support<\/span><\/td>\n<\/tr>\n<tr>\n<td><span style=\"font-size: 14px;\">Motion Detection:<\/span><\/td>\n<td><span style=\"font-size: 14px;\">Support Motion Alarm Notification<\/span><\/td>\n<\/tr>\n<tr>\n<td><span style=\"font-size: 14px;\">Camera Supported Wifi Frequency:<\/span><\/td>\n<td><span style=\"font-size: 14px;\">2.4GHz WiFi (Do not supported 5G WiFi)<\/span><\/td>\n<\/tr>\n<tr>\n<td><span style=\"font-size: 14px;\">PTZ Rotation:<\/span><\/td>\n<td><span style=\"font-size: 14px;\">Pan 270 Degree, Tilt 90 Degree<\/span><\/td>\n<\/tr>\n<tr>\n<td><span style=\"font-size: 14px;\">APP Remote Viewing:<\/span><\/td>\n<td><span style=\"font-size: 14px;\">iCsee for ios and android<\/span><\/td>\n<\/tr>\n<tr>\n<td><span style=\"font-size: 14px;\">Two-way audio:<\/span><\/td>\n<td><span style=\"font-size: 14px;\">Buit-in MIC and Speaker<\/span><\/td>\n<\/tr>\n<tr>\n<td><span style=\"font-size: 14px;\">Advantage 1:<\/span><\/td>\n<td><span style=\"font-size: 14px;\">Human Auto Tracking<\/span><\/td>\n<\/tr>\n<tr>\n<td><span style=\"font-size: 14px;\">Advantage 2:<\/span><\/td>\n<td><span style=\"font-size: 14px;\">Daemon Position Set<\/span><\/td>\n<\/tr>\n<\/tbody>\n<\/table>\n","protected":false},"excerpt":{"rendered":"<p>\u00c7\u00f6z\u00fcn\u00fcrl\u00fck: 2.0MP \/ 1080P \/ 1920 X 1080 Stil: Smart Dome Kamera Ba\u011flant\u0131: Ip\/network kablosuz Kurulum: Side Lens: 3.6 MM Minimum ayd\u0131nlatma( l\u00fcks): 0.01Lux Scene: Kapal\u0131 ve a\u00e7\u0131k Renk gece g\u00f6r\u00fc\u015f: YES Megapiksel: 2MP Depolama: 128G Video s\u0131k\u0131\u015ft\u0131rma format\u0131: H. 265 IR Mesafesi (M): 30M-50M Sertifika: CE Renk: White Alarm eylem E-posta foto\u011fraf Hareket aral\u0131\u011f\u0131 (Tilt): Di\u011fer is_customized: Hay\u0131r Model numaras\u0131: PTZ Wireless Camera Desteklenen mobil sistemler: IOS,android Ak\u0131ll\u0131 ev platformu: Di\u011fer AI fonksiyonlar\u0131: \u0130nsan alg\u0131lama IP de\u011ferlendirme: IP66 \u00d6zellikler: Su ge\u00e7irmez\/hava Uygulama ad\u0131: Di\u011fer TF Kart: 128G TF Kart Dijital Zoom: Di\u011fer G\u00fc\u00e7 kayna\u011f\u0131( v): DC 12V 2A Ses \u00e7\u0131k\u0131\u015f\u0131: Hi\u00e7biri G\u00fc\u00e7 t\u00fcketimi( w): 12W Sensor: CMOS Sens\u00f6r\u00fc markas\u0131: Sharp \u00c7al\u0131\u015fma S\u0131cakl\u0131\u011f\u0131: -10 \u00b0-60 \u00b0 Shell Malzeme: Plastik G\u00fc\u00e7 Kayna\u011f\u0131: Normal G\u00f6r\u00fc\u015f a\u00e7\u0131s\u0131: \u00a0360 \u00b0 Optik Zoom: NONE Hareket aral\u0131\u011f\u0131 (Pan): Di\u011fer IR LED: 4PCS White Light+4PCS Array LED Lens: Fixed 3.6mm Audio Support: Two-Way Audio Material: High Quality ABS Plastic Cloud Storage: Support Motion Detection: Support Motion Alarm Notification Camera Supported Wifi Frequency: 2.4GHz WiFi (Do not supported 5G WiFi) PTZ Rotation: Pan 270 Degree, Tilt 90 Degree APP Remote Viewing: iCsee for ios and android Two-way audio: Buit-in MIC and Speaker Advantage 1: Human Auto Tracking Advantage 2: Daemon Position Set<\/p>\n","protected":false},"featured_media":9180,"template":"","meta":[],"pwb-brand":[],"product_brand":[53],"product_cat":[126],"product_tag":[],"class_list":{"0":"post-9178","1":"product","2":"type-product","3":"status-publish","4":"has-post-thumbnail","6":"product_brand-baff-germany","7":"product_cat-smart-kamera","8":"cms-has-post-thumbnail","10":"first","11":"instock","12":"shipping-taxable","13":"product-type-simple"},"brands":[],"_links":{"self":[{"href":"https:\/\/narelektronik.com\/index.php?rest_route=\/wp\/v2\/product\/9178","targetHints":{"allow":["GET"]}}],"collection":[{"href":"https:\/\/narelektronik.com\/index.php?rest_route=\/wp\/v2\/product"}],"about":[{"href":"https:\/\/narelektronik.com\/index.php?rest_route=\/wp\/v2\/types\/product"}],"version-history":[{"count":1,"href":"https:\/\/narelektronik.com\/index.php?rest_route=\/wp\/v2\/product\/9178\/revisions"}],"predecessor-version":[{"id":10947,"href":"https:\/\/narelektronik.com\/index.php?rest_route=\/wp\/v2\/product\/9178\/revisions\/10947"}],"wp:featuredmedia":[{"embeddable":true,"href":"https:\/\/narelektronik.com\/index.php?rest_route=\/wp\/v2\/media\/9180"}],"wp:attachment":[{"href":"https:\/\/narelektronik.com\/index.php?rest_route=%2Fwp%2Fv2%2Fmedia&parent=9178"}],"wp:term":[{"taxonomy":"pwb-brand","embeddable":true,"href":"https:\/\/narelektronik.com\/index.php?rest_route=%2Fwp%2Fv2%2Fpwb-brand&post=9178"},{"taxonomy":"product_brand","embeddable":true,"href":"https:\/\/narelektronik.com\/index.php?rest_route=%2Fwp%2Fv2%2Fproduct_brand&post=9178"},{"taxonomy":"product_cat","embeddable":true,"href":"https:\/\/narelektronik.com\/index.php?rest_route=%2Fwp%2Fv2%2Fproduct_cat&post=9178"},{"taxonomy":"product_tag","embeddable":true,"href":"https:\/\/narelektronik.com\/index.php?rest_route=%2Fwp%2Fv2%2Fproduct_tag&post=9178"}],"curies":[{"name":"wp","href":"https:\/\/api.w.org\/{rel}","templated":true}]}}