{"id":10999,"date":"2025-12-09T09:43:13","date_gmt":"2025-12-09T09:43:13","guid":{"rendered":"https:\/\/narelektronik.com\/?post_type=product&#038;p=10999"},"modified":"2025-12-09T11:14:41","modified_gmt":"2025-12-09T11:14:41","slug":"viva-sim-735-4gsolar-v380-dual-kamera","status":"publish","type":"product","link":"https:\/\/narelektronik.com\/?product=viva-sim-735-4gsolar-v380-dual-kamera","title":{"rendered":"VIVA SIM-735 4G+SOLAR V380 DUAL KAMERA"},"content":{"rendered":"<p>4G S\u0130M KART DESTEKL\u0130<\/p>\n<p>SOLAR PANEL AOV<\/p>\n<p>V380 MOB\u0130L UYGULAMA<\/p>\n<p>3MP+3MP DUAL KAMERA<\/p>\n<p>ALARM I\u015eI\u011eI<\/p>\n","protected":false},"excerpt":{"rendered":"<p>4G S\u0130M KART DESTEKL\u0130 SOLAR PANEL AOV V380 MOB\u0130L UYGULAMA 3MP+3MP DUAL KAMERA ALARM I\u015eI\u011eI<\/p>\n","protected":false},"featured_media":11000,"template":"","meta":[],"pwb-brand":[],"product_brand":[53],"product_cat":[51,126],"product_tag":[],"class_list":{"0":"post-10999","1":"product","2":"type-product","3":"status-publish","4":"has-post-thumbnail","6":"product_brand-baff-germany","7":"product_cat-baff-germany","8":"product_cat-smart-kamera","9":"cms-has-post-thumbnail","11":"first","12":"instock","13":"shipping-taxable","14":"product-type-simple"},"brands":[],"_links":{"self":[{"href":"https:\/\/narelektronik.com\/index.php?rest_route=\/wp\/v2\/product\/10999","targetHints":{"allow":["GET"]}}],"collection":[{"href":"https:\/\/narelektronik.com\/index.php?rest_route=\/wp\/v2\/product"}],"about":[{"href":"https:\/\/narelektronik.com\/index.php?rest_route=\/wp\/v2\/types\/product"}],"version-history":[{"count":3,"href":"https:\/\/narelektronik.com\/index.php?rest_route=\/wp\/v2\/product\/10999\/revisions"}],"predecessor-version":[{"id":11028,"href":"https:\/\/narelektronik.com\/index.php?rest_route=\/wp\/v2\/product\/10999\/revisions\/11028"}],"wp:featuredmedia":[{"embeddable":true,"href":"https:\/\/narelektronik.com\/index.php?rest_route=\/wp\/v2\/media\/11000"}],"wp:attachment":[{"href":"https:\/\/narelektronik.com\/index.php?rest_route=%2Fwp%2Fv2%2Fmedia&parent=10999"}],"wp:term":[{"taxonomy":"pwb-brand","embeddable":true,"href":"https:\/\/narelektronik.com\/index.php?rest_route=%2Fwp%2Fv2%2Fpwb-brand&post=10999"},{"taxonomy":"product_brand","embeddable":true,"href":"https:\/\/narelektronik.com\/index.php?rest_route=%2Fwp%2Fv2%2Fproduct_brand&post=10999"},{"taxonomy":"product_cat","embeddable":true,"href":"https:\/\/narelektronik.com\/index.php?rest_route=%2Fwp%2Fv2%2Fproduct_cat&post=10999"},{"taxonomy":"product_tag","embeddable":true,"href":"https:\/\/narelektronik.com\/index.php?rest_route=%2Fwp%2Fv2%2Fproduct_tag&post=10999"}],"curies":[{"name":"wp","href":"https:\/\/api.w.org\/{rel}","templated":true}]}}